{"id":1837,"date":"2018-06-05T15:22:37","date_gmt":"2018-06-05T15:22:37","guid":{"rendered":"http:\/\/plazafuente.viviendaqualityplus.es\/?page_id=1837"},"modified":"2018-06-19T10:03:56","modified_gmt":"2018-06-19T10:03:56","slug":"proteccion-datos","status":"publish","type":"page","link":"http:\/\/plazafuente.viviendaqualityplus.es\/index.php\/proteccion-datos\/","title":{"rendered":"PROTECCI\u00d3N DE DATOS"},"content":{"rendered":"[et_pb_section bb_built=\u00bb1&#8243; _builder_version=\u00bb3.0.105&#8243; background_image=\u00bbhttp:\/\/plazafuente.viviendaqualityplus.es\/wp-content\/uploads\/Quality-Fresno-Norte-vivienda-unifamiliar-cabecera-planos.jpg\u00bb background_size=\u00bbinitial\u00bb custom_padding=\u00bb54px|0px|56px|0px\u00bb next_background_color=\u00bb#000000&#8243;][et_pb_row make_fullwidth=\u00bbon\u00bb custom_padding=\u00bb|||\u00bb custom_margin=\u00bb|||\u00bb _builder_version=\u00bb3.0.105&#8243; custom_css_main_element=\u00bbz-index:100;\u00bb][et_pb_column type=\u00bb4_4&#8243;][et_pb_button button_url=\u00bb\/index.php\/contacto\u00bb button_text=\u00bbCONTACTAR\u00bb button_alignment=\u00bbright\u00bb _builder_version=\u00bb3.0.105&#8243; custom_margin=\u00bb-50px|||-130px\u00bb custom_padding=\u00bb|||\u00bb custom_button=\u00bbon\u00bb button_bg_color=\u00bbrgba(252,252,252,0.71)\u00bb button_on_hover=\u00bboff\u00bb button_letter_spacing_hover=\u00bb2&#8243; box_shadow_style=\u00bbpreset4&#8243; box_shadow_horizontal=\u00bb8px\u00bb box_shadow_vertical=\u00bb8px\u00bb box_shadow_color=\u00bbrgba(0,0,0,0.09)\u00bb custom_css_main_element=\u00bbposition:fixed;||z-index:100!important;\u00bb \/][\/et_pb_column][\/et_pb_row][\/et_pb_section][et_pb_section bb_built=\u00bb1&#8243; custom_padding_last_edited=\u00bbon|desktop\u00bb _builder_version=\u00bb3.0.105&#8243; custom_padding=\u00bb124px|0px|126px|0px\u00bb custom_padding_phone=\u00bb20px|0px|50px|0px\u00bb prev_background_color=\u00bb#000000&#8243;][et_pb_row custom_padding=\u00bb27px|0px|0px|0px\u00bb _builder_version=\u00bb3.0.105&#8243;][et_pb_column type=\u00bb4_4&#8243;][et_pb_text _builder_version=\u00bb3.0.105&#8243;]\n<p><span style=\"font-size: xx-large;\"><strong>POL\u00cdTICA DE PROTECCI\u00d3N DE DATOS<\/strong><\/span><\/p>\n<p>&nbsp;<\/p>\n<p>&nbsp;<\/p>\n<p>En cumplimiento de la Ley Org\u00e1nica 15\/1999, de protecci\u00f3n de Datos de Car\u00e1cter personal, se informa que sus datos ser\u00e1n incorporados a un fichero debidamente registrado en la Agencia de Protecci\u00f3n de Datos. Los datos ser\u00e1n tratados\u00a0para poder atender su petici\u00f3n on-line, prestarle los servicios solicitados, hacer estudios de medici\u00f3n de satisfacci\u00f3n e informarle de nuestros productos y servicios incluso por medios electr\u00f3nicos, para lo cual el Titular de los datos da su consentimiento expl\u00edcito y declara que dichos datos han sido recabados de forma voluntaria.<\/p>\n<p>Quality M Proyectos S.L. es la empresa responsable del fichero. Quality M Proyectos S.L. podr\u00e1 ceder datos para acciones comerciales a empresas relacionadas con las siguientes actividades: promoci\u00f3n inmobiliaria, hosteler\u00eda, automoci\u00f3n, ocio y deporte, alimentaci\u00f3n, bodega, moda y complementos y art\u00edculos para el hogar.<\/p>\n<p>Si no desea que sus datos sean tratados para alguna de las finalidades descritas, o\u00a0desea ejercer sus derechos de\u00a0acceso, rectificaci\u00f3n, oposici\u00f3n y cancelaci\u00f3n, puede dirigir un escrito a\u00a0<span id=\"cloake7960da78b65e31964d1a5a3684ccdcf\"><a href=\"mailto:info@quality-plus.es\">info@quality-plus.es<\/a><\/span>\u00a0o a la siguiente direcci\u00f3n: Avenida de Europa 5. Torre 2. Oficina 2-1, 2-2, 3-1. San Sebasti\u00e1n de los Reyes. Madrid. 28703. Madrid, incluyendo REF. LOPD.<\/p>\n<p>Quality M Proyectos S.L. garantiza la custodia de los datos contenidos en este fichero, para lo cual adoptar\u00e1 las medidas tendentes a evitar su alteraci\u00f3n, p\u00e9rdida y acceso no autorizado, siempre de conformidad con el estado de la tecnolog\u00eda en cada momento.<\/p>\n[\/et_pb_text][\/et_pb_column][\/et_pb_row][\/et_pb_section]\n","protected":false},"excerpt":{"rendered":"<p>POL\u00cdTICA DE PROTECCI\u00d3N DE DATOS &nbsp; &nbsp; En cumplimiento de la Ley Org\u00e1nica 15\/1999, de protecci\u00f3n de Datos de Car\u00e1cter personal, se informa que sus datos ser\u00e1n incorporados a un fichero debidamente registrado en la Agencia de Protecci\u00f3n de Datos. Los datos ser\u00e1n tratados\u00a0para poder atender su petici\u00f3n on-line, prestarle los servicios solicitados, hacer estudios [&hellip;]<\/p>\n","protected":false},"author":1,"featured_media":0,"parent":0,"menu_order":0,"comment_status":"closed","ping_status":"closed","template":"","meta":{"_et_pb_use_builder":"on","_et_pb_old_content":"","_et_gb_content_width":"","_mi_skip_tracking":false},"_links":{"self":[{"href":"http:\/\/plazafuente.viviendaqualityplus.es\/index.php\/wp-json\/wp\/v2\/pages\/1837"}],"collection":[{"href":"http:\/\/plazafuente.viviendaqualityplus.es\/index.php\/wp-json\/wp\/v2\/pages"}],"about":[{"href":"http:\/\/plazafuente.viviendaqualityplus.es\/index.php\/wp-json\/wp\/v2\/types\/page"}],"author":[{"embeddable":true,"href":"http:\/\/plazafuente.viviendaqualityplus.es\/index.php\/wp-json\/wp\/v2\/users\/1"}],"replies":[{"embeddable":true,"href":"http:\/\/plazafuente.viviendaqualityplus.es\/index.php\/wp-json\/wp\/v2\/comments?post=1837"}],"version-history":[{"count":6,"href":"http:\/\/plazafuente.viviendaqualityplus.es\/index.php\/wp-json\/wp\/v2\/pages\/1837\/revisions"}],"predecessor-version":[{"id":2263,"href":"http:\/\/plazafuente.viviendaqualityplus.es\/index.php\/wp-json\/wp\/v2\/pages\/1837\/revisions\/2263"}],"wp:attachment":[{"href":"http:\/\/plazafuente.viviendaqualityplus.es\/index.php\/wp-json\/wp\/v2\/media?parent=1837"}],"curies":[{"name":"wp","href":"https:\/\/api.w.org\/{rel}","templated":true}]}}