{"id":1845,"date":"2018-06-05T15:32:18","date_gmt":"2018-06-05T15:32:18","guid":{"rendered":"http:\/\/plazafuente.viviendaqualityplus.es\/?page_id=1845"},"modified":"2018-06-19T10:02:48","modified_gmt":"2018-06-19T10:02:48","slug":"aviso-legal","status":"publish","type":"page","link":"http:\/\/plazafuente.viviendaqualityplus.es\/index.php\/aviso-legal\/","title":{"rendered":"AVISO LEGAL"},"content":{"rendered":"[et_pb_section bb_built=\u00bb1&#8243; _builder_version=\u00bb3.0.105&#8243; background_image=\u00bbhttp:\/\/plazafuente.viviendaqualityplus.es\/wp-content\/uploads\/Quality-Fresno-Norte-vivienda-unifamiliar-cabecera-planos.jpg\u00bb background_size=\u00bbinitial\u00bb custom_padding=\u00bb54px|0px|56px|0px\u00bb next_background_color=\u00bb#000000&#8243;][et_pb_row make_fullwidth=\u00bbon\u00bb custom_padding=\u00bb|||\u00bb custom_margin=\u00bb|||\u00bb _builder_version=\u00bb3.0.105&#8243; custom_css_main_element=\u00bbz-index:100;\u00bb][et_pb_column type=\u00bb4_4&#8243;][et_pb_button button_url=\u00bb\/index.php\/contacto\u00bb button_text=\u00bbCONTACTAR\u00bb button_alignment=\u00bbright\u00bb _builder_version=\u00bb3.0.105&#8243; custom_margin=\u00bb-50px|||-130px\u00bb custom_padding=\u00bb|||\u00bb custom_button=\u00bbon\u00bb button_bg_color=\u00bbrgba(252,252,252,0.71)\u00bb button_on_hover=\u00bboff\u00bb button_letter_spacing_hover=\u00bb2&#8243; box_shadow_style=\u00bbpreset4&#8243; box_shadow_horizontal=\u00bb8px\u00bb box_shadow_vertical=\u00bb8px\u00bb box_shadow_color=\u00bbrgba(0,0,0,0.09)\u00bb custom_css_main_element=\u00bbposition:fixed;||z-index:100!important;\u00bb \/][\/et_pb_column][\/et_pb_row][\/et_pb_section][et_pb_section bb_built=\u00bb1&#8243; custom_padding_last_edited=\u00bbon|\u00bb _builder_version=\u00bb3.0.105&#8243; custom_padding=\u00bb20px||50px|\u00bb prev_background_color=\u00bb#000000&#8243;][et_pb_row _builder_version=\u00bb3.0.47&#8243; background_size=\u00bbinitial\u00bb background_position=\u00bbtop_left\u00bb background_repeat=\u00bbrepeat\u00bb][et_pb_column type=\u00bb4_4&#8243;][et_pb_text _builder_version=\u00bb3.0.105&#8243; text_font=\u00bb||||||||\u00bb]\n<p><span style=\"font-size: xx-large;\"><strong>AVISO LEGAL<\/strong><\/span><\/p>\n<p><span style=\"font-size: xx-large;\"><strong><\/strong><\/span><\/p>\n<p><span style=\"font-size: xx-large;\"><strong><\/strong><\/span><\/p>\n<p><span style=\"font-size: xx-large;\"><strong><\/strong><\/span><\/p>\n<ol>\n<li>En virtud del cumplimiento de la Ley 34\/2002, de 11 de Julio, de Servicios de la Sociedad de la Informaci\u00f3n y de Comercio Electr\u00f3nico, le informamos: que Quality M Proyectos S.L. con domicilio en la calle Avenida de Europa 5. Torre 2. Oficina 2-1. San Sebasti\u00e1n de los Reyes. 28702. Madrid y CIF B86829686, inscrita en el Registro Mercantil de Madrid al tomo 31.517, folio 215, secci\u00f3n 8, hoja M-567260, inscripci\u00f3n 1, es titular de este sitio Web.<\/li>\n<li>Este sitio Web (en adelante la Web), que Quality M Proyectos S.L. pone gratuitamente a disposici\u00f3n de los usuarios de Internet, debe ser usado conforme al derecho y las buenas maneras.<\/li>\n<li>Los derechos de propiedad intelectual e Industrial de la Web, son titularidad de Quality M Proyectos S.L.. Se autoriza la visualizaci\u00f3n, impresi\u00f3n y descarga parcial del contenido de la Web y con la condici\u00f3n de hacerlo con fines compatibles con la Web.<\/li>\n<li>Quality M Proyectos S.L. se reserva la facultad de efectuar, en cualquier momento y sin necesidad de previo aviso, modificaciones y actualizaciones de la informaci\u00f3n contenida en la Web, de la configuraci\u00f3n y presentaci\u00f3n de \u00e9sta y de las condiciones de acceso.<\/li>\n<li>Quality M Proyectos S.L. no garantiza la inexistencia de interrupciones o errores en el acceso a la Web o a su contenido, ni que \u00e9sta se encuentre actualizada. Quality M Proyectos S.L. llevar\u00e1 a cabo, siempre que no concurran causas que lo hagan imposible o de dif\u00edcil ejecuci\u00f3n, y tan pronto tenga noticia de los errores, desconexiones o falta de actualizaci\u00f3n en los contenidos, todas a aquellas labores tendentes a subsanar los errores, restablecer la comunicaci\u00f3n y actualizar los contenidos.<\/li>\n<li>Tanto el acceso a la Web como el uso no consentido que pueda efectuarse de la informaci\u00f3n contenida en la misma es de la exclusiva responsabilidad de quien lo realiza. Quality M Proyectos S.L. no responder\u00e1 de ninguna consecuencia, da\u00f1o o perjuicio que pudieran derivarse de dicho acceso o uso. Quality M Proyectos S.L. no se hace responsable de los errores de seguridad que se puedan producir ni de los da\u00f1os que puedan causarse al sistema inform\u00e1tico del usuario (hardware y software), o a los ficheros o documentos almacenados en el mismo, como consecuencia de fallos o delitos inform\u00e1ticos.<\/li>\n<\/ol>\n[\/et_pb_text][\/et_pb_column][\/et_pb_row][\/et_pb_section]\n","protected":false},"excerpt":{"rendered":"<p>AVISO LEGAL En virtud del cumplimiento de la Ley 34\/2002, de 11 de Julio, de Servicios de la Sociedad de la Informaci\u00f3n y de Comercio Electr\u00f3nico, le informamos: que Quality M Proyectos S.L. con domicilio en la calle Avenida de Europa 5. Torre 2. Oficina 2-1. San Sebasti\u00e1n de los Reyes. 28702. Madrid y CIF [&hellip;]<\/p>\n","protected":false},"author":1,"featured_media":0,"parent":0,"menu_order":0,"comment_status":"closed","ping_status":"closed","template":"","meta":{"_et_pb_use_builder":"on","_et_pb_old_content":"","_et_gb_content_width":"","_mi_skip_tracking":false},"_links":{"self":[{"href":"http:\/\/plazafuente.viviendaqualityplus.es\/index.php\/wp-json\/wp\/v2\/pages\/1845"}],"collection":[{"href":"http:\/\/plazafuente.viviendaqualityplus.es\/index.php\/wp-json\/wp\/v2\/pages"}],"about":[{"href":"http:\/\/plazafuente.viviendaqualityplus.es\/index.php\/wp-json\/wp\/v2\/types\/page"}],"author":[{"embeddable":true,"href":"http:\/\/plazafuente.viviendaqualityplus.es\/index.php\/wp-json\/wp\/v2\/users\/1"}],"replies":[{"embeddable":true,"href":"http:\/\/plazafuente.viviendaqualityplus.es\/index.php\/wp-json\/wp\/v2\/comments?post=1845"}],"version-history":[{"count":8,"href":"http:\/\/plazafuente.viviendaqualityplus.es\/index.php\/wp-json\/wp\/v2\/pages\/1845\/revisions"}],"predecessor-version":[{"id":2256,"href":"http:\/\/plazafuente.viviendaqualityplus.es\/index.php\/wp-json\/wp\/v2\/pages\/1845\/revisions\/2256"}],"wp:attachment":[{"href":"http:\/\/plazafuente.viviendaqualityplus.es\/index.php\/wp-json\/wp\/v2\/media?parent=1845"}],"curies":[{"name":"wp","href":"https:\/\/api.w.org\/{rel}","templated":true}]}}