{"id":2137,"date":"2018-06-07T13:57:47","date_gmt":"2018-06-07T13:57:47","guid":{"rendered":"http:\/\/plazafuente.viviendaqualityplus.es\/?page_id=2137"},"modified":"2018-06-19T10:03:46","modified_gmt":"2018-06-19T10:03:46","slug":"politica-cookies","status":"publish","type":"page","link":"http:\/\/plazafuente.viviendaqualityplus.es\/index.php\/politica-cookies\/","title":{"rendered":"POL\u00cdTICA COOKIES"},"content":{"rendered":"[et_pb_section bb_built=\u00bb1&#8243; _builder_version=\u00bb3.0.105&#8243; background_image=\u00bbhttp:\/\/plazafuente.viviendaqualityplus.es\/wp-content\/uploads\/Quality-Fresno-Norte-vivienda-unifamiliar-cabecera-planos.jpg\u00bb background_size=\u00bbinitial\u00bb custom_padding=\u00bb54px|0px|56px|0px\u00bb next_background_color=\u00bb#000000&#8243;][et_pb_row _builder_version=\u00bb3.0.105&#8243; make_fullwidth=\u00bbon\u00bb custom_css_main_element=\u00bbz-index:100;\u00bb custom_margin=\u00bb|||\u00bb custom_padding=\u00bb|||\u00bb][et_pb_column type=\u00bb4_4&#8243;][et_pb_button button_text=\u00bbCONTACTAR\u00bb _builder_version=\u00bb3.0.105&#8243; button_alignment=\u00bbright\u00bb custom_css_main_element=\u00bbposition:fixed;||z-index:100!important;\u00bb custom_margin=\u00bb-50px|||-130px\u00bb custom_padding=\u00bb|||\u00bb custom_button=\u00bbon\u00bb button_bg_color=\u00bbrgba(252,252,252,0.71)\u00bb button_on_hover=\u00bboff\u00bb box_shadow_style=\u00bbpreset4&#8243; box_shadow_horizontal=\u00bb8px\u00bb box_shadow_vertical=\u00bb8px\u00bb box_shadow_color=\u00bbrgba(0,0,0,0.09)\u00bb button_url=\u00bb\/index.php\/contacto\u00bb url_new_window=\u00bboff\u00bb background_layout=\u00bblight\u00bb button_icon_placement=\u00bbright\u00bb \/][\/et_pb_column][\/et_pb_row][\/et_pb_section][et_pb_section bb_built=\u00bb1&#8243; prev_background_color=\u00bb#000000&#8243;][et_pb_row][et_pb_column type=\u00bb4_4&#8243;][et_pb_text _builder_version=\u00bb3.0.105&#8243; background_layout=\u00bblight\u00bb]\n<p><span style=\"font-size: xx-large;\"><strong>POL\u00cdTICA DE COOKIES<\/strong><\/span><\/p>\n<p>&nbsp;<\/p>\n<h4><b>Pol\u00edtica de cookies.<\/b><\/h4>\n<p><span style=\"font-weight: 400;\">Una cookie es un archivo de texto que se almacena en el ordenador o dispositivo m\u00f3vil mediante un servidor Web y tan solo ese servidor ser\u00e1 capaz de recuperar o leer el contenido de la cookie y permiten al Sitio Web recordar preferencias de navegaci\u00f3n y navegar de manera eficiente. Las cookies hacen la interacci\u00f3n entre el usuario y el sitio Web m\u00e1s r\u00e1pida y f\u00e1cil.<\/span><\/p>\n<h3><b>\u00bfQu\u00e9 cookies utilizamos?<\/b><\/h3>\n<p><span style=\"font-weight: 400;\">En esta web utilizamos tanto cookies propias como de terceros, en especial de Google Analytics. La finalidad de estas cookies es realizar las estad\u00edsticas de uso del Sitio Web, as\u00ed utilizamos las cookies con la finalidad de conocer el nivel de recurrencia de nuestros visitantes y los contenidos que resultan m\u00e1s interesantes. De esta manera, podemos concentrar nuestros esfuerzos en mejorar las \u00e1reas m\u00e1s visitadas y hacer que el usuario encuentre m\u00e1s f\u00e1cilmente lo que busca. En el Sitio Web puede utilizarse la informaci\u00f3n de tu visita para realizar evaluaciones y c\u00e1lculos estad\u00edsticos sobre datos an\u00f3nimos, as\u00ed como para garantizar la continuidad del servicio o para realizar mejoras en tus sitios Web.<\/span><\/p>\n<p><span style=\"font-weight: 400;\">A continuaci\u00f3n, se indican las cookies que utilizamos en esta web. Como usuario, debes asegurarte de que est\u00e1s conforme con ellas antes de seguir navegando.<\/span><\/p>\n<p><span style=\"font-weight: 400;\">Tambi\u00e9n puedes configurar el navegador para que no acepte cookies aunque eso puede afectar al correcto funcionamiento de la aplicaci\u00f3n.<\/span><\/p>\n<table>\n<tbody>\n<tr>\n<td><b>Cookie<\/b><\/td>\n<td><b>Duraci\u00f3n<\/b><\/td>\n<td><b>Proveedor<\/b><\/td>\n<td><b>Finalidad<\/b><\/td>\n<\/tr>\n<tr>\n<td style=\"width: 15%;\">&gt;<span style=\"font-weight: 400;\">_ga<\/span><\/td>\n<td style=\"width: 15%;\"><span style=\"font-weight: 400;\">2 a\u00f1os<\/span><\/td>\n<td style=\"width: 15%;\"><span style=\"font-weight: 400;\">Google<\/span><\/td>\n<td rowspan=\"2\"><span style=\"font-weight: 400;\">Se utiliza para realizar el an\u00e1lisis de comportamiento de los usuarios en la web (tiempo de permanencia, p\u00e1ginas m\u00e1s visitadas, etc). No se recogen datos personales pero nos sirve para obtener estad\u00edsticas con el fin de mejorar el site. <\/span><\/td>\n<\/tr>\n<tr>\n<td>&gt;<span style=\"font-weight: 400;\">_gid<\/span><\/td>\n<td><span style=\"font-weight: 400;\">24 horas<\/span><\/td>\n<td><span style=\"font-weight: 400;\">Google<\/span><\/td>\n<\/tr>\n<tr>\n<td>&gt;<span style=\"font-weight: 400;\">_gat<\/span><\/td>\n<td><span style=\"font-weight: 400;\">1 minuto<\/span><\/td>\n<td><span style=\"font-weight: 400;\">No<\/span><\/td>\n<td><span style=\"font-weight: 400;\">Se usa para limitar el porcentaje de solicitudes. <\/span><\/td>\n<\/tr>\n<\/tbody>\n<\/table>\n<h3><\/h3>\n<h3><b>\u00bfC\u00f3mo desinstalar, bloquear o borrar cookies?<\/b><\/h3>\n<p><span style=\"font-weight: 400;\">Si por alg\u00fan motivo precisas borrar algunas de nuestras cookies, a continuaci\u00f3n te indicamos c\u00f3mo hacerlo desde los principales navegadores web:<\/span><\/p>\n<h3><b>Firefox:<\/b><\/h3>\n<p><i><span style=\"font-weight: 400;\">Herramientas -&gt; Opciones -&gt; Privacidad -&gt; Historial -&gt; Configuraci\u00f3n Personalizada<\/span><\/i><\/p>\n<p><span style=\"font-weight: 400;\">Para m\u00e1s informaci\u00f3n, puedes consultar el soporte de <\/span><i><span style=\"font-weight: 400;\">Mozilla<\/span><\/i><span style=\"font-weight: 400;\"> o la <\/span><i><span style=\"font-weight: 400;\">Ayuda<\/span><\/i><span style=\"font-weight: 400;\"> del navegador.<\/span><\/p>\n<h3><b>Google Chrome:<\/b><\/h3>\n<p><span style=\"font-weight: 400;\">Configuraci\u00f3n -&gt; Mostrar opciones avanzadas -&gt; Privacidad -&gt; Configuraci\u00f3n de contenido<\/span><\/p>\n<p><span style=\"font-weight: 400;\">Para m\u00e1s informaci\u00f3n, puedes consultar el soporte de <\/span><i><span style=\"font-weight: 400;\">Google<\/span><\/i><span style=\"font-weight: 400;\"> o la <\/span><i><span style=\"font-weight: 400;\">Ayuda<\/span><\/i><span style=\"font-weight: 400;\"> del navegador.<\/span><\/p>\n<h3><b>Safari:<\/b><\/h3>\n<p><span style=\"font-weight: 400;\">Preferencias -&gt; Seguridad<\/span><\/p>\n<p><span style=\"font-weight: 400;\">Para m\u00e1s informaci\u00f3n, puedes consultar el soporte de <\/span><i><span style=\"font-weight: 400;\">Apple<\/span><\/i><span style=\"font-weight: 400;\"> o la <\/span><i><span style=\"font-weight: 400;\">Ayuda<\/span><\/i><span style=\"font-weight: 400;\"> del navegador.<\/span><\/p>\n<h3><b>Internet Explorer:<\/b><\/h3>\n<p><span style=\"font-weight: 400;\">Herramientas -&gt; Opciones de Internet -&gt; Privacidad -&gt; Configuraci\u00f3n<\/span><\/p>\n<p><span style=\"font-weight: 400;\">Para m\u00e1s informaci\u00f3n, puedes consultar el soporte de <\/span><i><span style=\"font-weight: 400;\">Microsoft<\/span><\/i><span style=\"font-weight: 400;\"> o la <\/span><i><span style=\"font-weight: 400;\">Ayuda<\/span><\/i><span style=\"font-weight: 400;\"> del navegador.<\/span><\/p>\n<p>&nbsp;<\/p>\n[\/et_pb_text][\/et_pb_column][\/et_pb_row][\/et_pb_section]\n","protected":false},"excerpt":{"rendered":"<p><div class=\"et_pb_row et_pb_row_0 et_pb_row_empty\">\n\t\t\t\t\n\t\t\t\t\n\t\t\t\t\n\t\t\t<\/div> POL\u00cdTICA DE COOKIES &nbsp; Pol\u00edtica de cookies. Una cookie es un archivo de texto que se almacena en el ordenador o dispositivo m\u00f3vil mediante un servidor Web y tan solo ese servidor ser\u00e1 capaz de recuperar o leer el contenido de la cookie y permiten al Sitio Web recordar preferencias de navegaci\u00f3n y navegar [&hellip;]<\/p>\n","protected":false},"author":1,"featured_media":0,"parent":0,"menu_order":0,"comment_status":"closed","ping_status":"closed","template":"","meta":{"_et_pb_use_builder":"on","_et_pb_old_content":"","_et_gb_content_width":"","_mi_skip_tracking":false},"_links":{"self":[{"href":"http:\/\/plazafuente.viviendaqualityplus.es\/index.php\/wp-json\/wp\/v2\/pages\/2137"}],"collection":[{"href":"http:\/\/plazafuente.viviendaqualityplus.es\/index.php\/wp-json\/wp\/v2\/pages"}],"about":[{"href":"http:\/\/plazafuente.viviendaqualityplus.es\/index.php\/wp-json\/wp\/v2\/types\/page"}],"author":[{"embeddable":true,"href":"http:\/\/plazafuente.viviendaqualityplus.es\/index.php\/wp-json\/wp\/v2\/users\/1"}],"replies":[{"embeddable":true,"href":"http:\/\/plazafuente.viviendaqualityplus.es\/index.php\/wp-json\/wp\/v2\/comments?post=2137"}],"version-history":[{"count":3,"href":"http:\/\/plazafuente.viviendaqualityplus.es\/index.php\/wp-json\/wp\/v2\/pages\/2137\/revisions"}],"predecessor-version":[{"id":2262,"href":"http:\/\/plazafuente.viviendaqualityplus.es\/index.php\/wp-json\/wp\/v2\/pages\/2137\/revisions\/2262"}],"wp:attachment":[{"href":"http:\/\/plazafuente.viviendaqualityplus.es\/index.php\/wp-json\/wp\/v2\/media?parent=2137"}],"curies":[{"name":"wp","href":"https:\/\/api.w.org\/{rel}","templated":true}]}}